{"id":6649,"date":"2022-11-10T13:45:49","date_gmt":"2022-11-10T12:45:49","guid":{"rendered":"https:\/\/www.matrial.it\/note-legali\/"},"modified":"2025-12-03T16:16:57","modified_gmt":"2025-12-03T15:16:57","slug":"note-legali","status":"publish","type":"page","link":"https:\/\/www.matrial.it\/it\/note-legali\/","title":{"rendered":"NOTE LEGALI"},"content":{"rendered":"\t\t<div data-elementor-type=\"wp-page\" data-elementor-id=\"6649\" class=\"elementor elementor-6649 elementor-136\" data-elementor-post-type=\"page\">\n\t\t\t\t\t\t<section class=\"elementor-section elementor-top-section elementor-element elementor-element-2bf0e226 elementor-section-boxed elementor-section-height-default elementor-section-height-default\" data-id=\"2bf0e226\" data-element_type=\"section\" data-e-type=\"section\">\n\t\t\t\t\t\t<div class=\"elementor-container elementor-column-gap-default\">\n\t\t\t\t\t<div class=\"elementor-column elementor-col-33 elementor-top-column elementor-element elementor-element-62f31792\" data-id=\"62f31792\" data-element_type=\"column\" data-e-type=\"column\">\n\t\t\t<div class=\"elementor-widget-wrap elementor-element-populated\">\n\t\t\t\t\t\t<div class=\"elementor-element elementor-element-22216c15 elementor-widget elementor-widget-heading\" data-id=\"22216c15\" data-element_type=\"widget\" data-e-type=\"widget\" data-settings=\"{&quot;ekit_we_effect_on&quot;:&quot;none&quot;}\" data-widget_type=\"heading.default\">\n\t\t\t\t<div class=\"elementor-widget-container\">\n\t\t\t\t\t<h2 class=\"elementor-heading-title elementor-size-default\">RESPONSABILE<\/h2>\t\t\t\t<\/div>\n\t\t\t\t<\/div>\n\t\t\t\t<div class=\"elementor-element elementor-element-12799a38 elementor-widget elementor-widget-text-editor\" data-id=\"12799a38\" data-element_type=\"widget\" data-e-type=\"widget\" data-settings=\"{&quot;ekit_we_effect_on&quot;:&quot;none&quot;}\" data-widget_type=\"text-editor.default\">\n\t\t\t\t<div class=\"elementor-widget-container\">\n\t\t\t\t\t\t\t\t\t<p><strong>Matrial Srl<\/strong><br \/>Via Rienz 2\/A<br \/>39037 Rodengo<br \/>Tel.: +39 0472 849 714<br \/><a href=\"mailto:info@matrial.it\" target=\"_blank\" rel=\"noopener\">info@matrial.it<\/a><br \/>Codice fiscale, Part. IVA e numero di iscrizione Camera di Commercio di Bolzano: IT02432980213<br \/>Codice SDI: T04ZHR3<br \/>PEC: matrial@legalmail.it<br \/>Soc. Capitale sociale interamente versato: \u20ac 2.900.000<\/p>\t\t\t\t\t\t\t\t<\/div>\n\t\t\t\t<\/div>\n\t\t\t\t\t<\/div>\n\t\t<\/div>\n\t\t\t\t<div class=\"elementor-column elementor-col-33 elementor-top-column elementor-element elementor-element-74b65939\" data-id=\"74b65939\" data-element_type=\"column\" data-e-type=\"column\">\n\t\t\t<div class=\"elementor-widget-wrap elementor-element-populated\">\n\t\t\t\t\t\t<div class=\"elementor-element elementor-element-7f7e1898 elementor-widget elementor-widget-heading\" data-id=\"7f7e1898\" data-element_type=\"widget\" data-e-type=\"widget\" data-settings=\"{&quot;ekit_we_effect_on&quot;:&quot;none&quot;}\" data-widget_type=\"heading.default\">\n\t\t\t\t<div class=\"elementor-widget-container\">\n\t\t\t\t\t<h2 class=\"elementor-heading-title elementor-size-default\">DESIGN E REALIZZAZIONE<\/h2>\t\t\t\t<\/div>\n\t\t\t\t<\/div>\n\t\t\t\t<div class=\"elementor-element elementor-element-6e75d593 elementor-widget elementor-widget-text-editor\" data-id=\"6e75d593\" data-element_type=\"widget\" data-e-type=\"widget\" data-settings=\"{&quot;ekit_we_effect_on&quot;:&quot;none&quot;}\" data-widget_type=\"text-editor.default\">\n\t\t\t\t<div class=\"elementor-widget-container\">\n\t\t\t\t\t\t\t\t\t<p>Kreativagentur Minedesign SNC<br \/>di Daniel Olivieri e Matthias Mur<br \/>Via Fraghes 6, 39043 Chiusa<br \/>T. 0472 847 216<br \/><a style=\"font-family: Roboto; font-size: 17px; font-weight: 300; color: #363636;\" href=\"mailto:info@minedesign.it\">info@minedesign.it<\/a><br \/><a style=\"font-family: Roboto; font-size: 17px; font-weight: 300; color: #363636;\" href=\"https:\/\/minedesign.it\">minedesign.it<\/a><br \/>Part.IVA: IT02961340219<\/p>\t\t\t\t\t\t\t\t<\/div>\n\t\t\t\t<\/div>\n\t\t\t\t\t<\/div>\n\t\t<\/div>\n\t\t\t\t<div class=\"elementor-column elementor-col-33 elementor-top-column elementor-element elementor-element-4ada9295\" data-id=\"4ada9295\" data-element_type=\"column\" data-e-type=\"column\">\n\t\t\t<div class=\"elementor-widget-wrap elementor-element-populated\">\n\t\t\t\t\t\t<div class=\"elementor-element elementor-element-61df069c elementor-widget elementor-widget-heading\" data-id=\"61df069c\" data-element_type=\"widget\" data-e-type=\"widget\" data-settings=\"{&quot;ekit_we_effect_on&quot;:&quot;none&quot;}\" data-widget_type=\"heading.default\">\n\t\t\t\t<div class=\"elementor-widget-container\">\n\t\t\t\t\t<h2 class=\"elementor-heading-title elementor-size-default\">RIFERIMENTO<\/h2>\t\t\t\t<\/div>\n\t\t\t\t<\/div>\n\t\t\t\t<div class=\"elementor-element elementor-element-6c6d39e6 elementor-widget elementor-widget-text-editor\" data-id=\"6c6d39e6\" data-element_type=\"widget\" data-e-type=\"widget\" data-settings=\"{&quot;ekit_we_effect_on&quot;:&quot;none&quot;}\" data-widget_type=\"text-editor.default\">\n\t\t\t\t<div class=\"elementor-widget-container\">\n\t\t\t\t\t\t\t\t\t<p><strong>Immagini, foto e\u00a0 grafiche<\/strong><br \/>\u00a9 Matrial; Rene Gruber; Neolit Italy Srl; VELUX Italia s.p.a.; Sch\u00f6ck Bauteile Ges.m.b.H.<br \/>Pexels, Pixabay, Unsplash<\/p><p><strong><br \/>Testi<\/strong><br \/>\u00a9 Matrial;\u00a0<\/p>\t\t\t\t\t\t\t\t<\/div>\n\t\t\t\t<\/div>\n\t\t\t\t\t<\/div>\n\t\t<\/div>\n\t\t\t\t\t<\/div>\n\t\t<\/section>\n\t\t\t\t<section class=\"elementor-section elementor-top-section elementor-element elementor-element-38d54160 elementor-section-boxed elementor-section-height-default elementor-section-height-default\" data-id=\"38d54160\" data-element_type=\"section\" data-e-type=\"section\">\n\t\t\t\t\t\t<div class=\"elementor-container elementor-column-gap-default\">\n\t\t\t\t\t<div class=\"elementor-column elementor-col-100 elementor-top-column elementor-element elementor-element-35cb6fe2\" data-id=\"35cb6fe2\" data-element_type=\"column\" data-e-type=\"column\">\n\t\t\t<div class=\"elementor-widget-wrap elementor-element-populated\">\n\t\t\t\t\t\t<div class=\"elementor-element elementor-element-7df144ec elementor-widget elementor-widget-heading\" data-id=\"7df144ec\" data-element_type=\"widget\" data-e-type=\"widget\" data-settings=\"{&quot;ekit_we_effect_on&quot;:&quot;none&quot;}\" data-widget_type=\"heading.default\">\n\t\t\t\t<div class=\"elementor-widget-container\">\n\t\t\t\t\t<h2 class=\"elementor-heading-title elementor-size-default\">Dichiariazione liberatoria\n<\/h2>\t\t\t\t<\/div>\n\t\t\t\t<\/div>\n\t\t\t\t\t<\/div>\n\t\t<\/div>\n\t\t\t\t\t<\/div>\n\t\t<\/section>\n\t\t\t\t<section class=\"elementor-section elementor-top-section elementor-element elementor-element-326e26ea elementor-section-boxed elementor-section-height-default elementor-section-height-default\" data-id=\"326e26ea\" data-element_type=\"section\" data-e-type=\"section\">\n\t\t\t\t\t\t<div class=\"elementor-container elementor-column-gap-default\">\n\t\t\t\t\t<div class=\"elementor-column elementor-col-100 elementor-top-column elementor-element elementor-element-6b9c2bcf\" data-id=\"6b9c2bcf\" data-element_type=\"column\" data-e-type=\"column\">\n\t\t\t<div class=\"elementor-widget-wrap elementor-element-populated\">\n\t\t\t\t\t\t<div class=\"elementor-element elementor-element-6a3e673 elementor-widget elementor-widget-heading\" data-id=\"6a3e673\" data-element_type=\"widget\" data-e-type=\"widget\" data-settings=\"{&quot;ekit_we_effect_on&quot;:&quot;none&quot;}\" data-widget_type=\"heading.default\">\n\t\t\t\t<div class=\"elementor-widget-container\">\n\t\t\t\t\t<h2 class=\"elementor-heading-title elementor-size-default\">Responsabilit\u00e0 per contenuti\n<\/h2>\t\t\t\t<\/div>\n\t\t\t\t<\/div>\n\t\t\t\t<div class=\"elementor-element elementor-element-2d2f44e8 elementor-widget elementor-widget-text-editor\" data-id=\"2d2f44e8\" data-element_type=\"widget\" data-e-type=\"widget\" data-settings=\"{&quot;ekit_we_effect_on&quot;:&quot;none&quot;}\" data-widget_type=\"text-editor.default\">\n\t\t\t\t<div class=\"elementor-widget-container\">\n\t\t\t\t\t\t\t\t\t<p>I contenuti delle nostre pagine sono stati creati con la massima cura. Tuttavia, non ci assumiamo alcuna responsabilit\u00e0 per la correttezza, la completezza e l\u2019attualit\u00e0 dei contenuti. In qualit\u00e0 di fornitore di servizi, siamo responsabili dei contenuti di queste pagine in conformit\u00e0 con le leggi generali. Tuttavia, in qualit\u00e0 di fornitore di servizi, non siamo obbligati a controllare le informazioni trasmesse o memorizzate da terzi o a indagare su circostanze che indicano un\u2019attivit\u00e0 illegale. L\u2019obbligo di rimuovere o bloccare l\u2019uso delle informazioni in conformit\u00e0 alle leggi generali rimane inalterato. Tuttavia, la responsabilit\u00e0 a tale riguardo \u00e8 possibile solo a partire dal momento in cui si viene a conoscenza di una violazione concreta della legge. Non appena veniamo a conoscenza di tali violazioni, provvederemo a rimuovere immediatamente questi contenuti.<\/p>\t\t\t\t\t\t\t\t<\/div>\n\t\t\t\t<\/div>\n\t\t\t\t\t<\/div>\n\t\t<\/div>\n\t\t\t\t\t<\/div>\n\t\t<\/section>\n\t\t\t\t<section class=\"elementor-section elementor-top-section elementor-element elementor-element-139f4b25 elementor-section-boxed elementor-section-height-default elementor-section-height-default\" data-id=\"139f4b25\" data-element_type=\"section\" data-e-type=\"section\">\n\t\t\t\t\t\t<div class=\"elementor-container elementor-column-gap-default\">\n\t\t\t\t\t<div class=\"elementor-column elementor-col-100 elementor-top-column elementor-element elementor-element-7bc7d20f\" data-id=\"7bc7d20f\" data-element_type=\"column\" data-e-type=\"column\">\n\t\t\t<div class=\"elementor-widget-wrap elementor-element-populated\">\n\t\t\t\t\t\t<div class=\"elementor-element elementor-element-2582d6bf elementor-widget elementor-widget-heading\" data-id=\"2582d6bf\" data-element_type=\"widget\" data-e-type=\"widget\" data-settings=\"{&quot;ekit_we_effect_on&quot;:&quot;none&quot;}\" data-widget_type=\"heading.default\">\n\t\t\t\t<div class=\"elementor-widget-container\">\n\t\t\t\t\t<h2 class=\"elementor-heading-title elementor-size-default\">Responsabilit\u00e0 per i link\n<\/h2>\t\t\t\t<\/div>\n\t\t\t\t<\/div>\n\t\t\t\t<div class=\"elementor-element elementor-element-352594ca elementor-widget elementor-widget-text-editor\" data-id=\"352594ca\" data-element_type=\"widget\" data-e-type=\"widget\" data-settings=\"{&quot;ekit_we_effect_on&quot;:&quot;none&quot;}\" data-widget_type=\"text-editor.default\">\n\t\t\t\t<div class=\"elementor-widget-container\">\n\t\t\t\t\t\t\t\t\t<p>La nostra offerta contiene link a siti web esterni di terzi, sui cui contenuti non abbiamo alcuna influenza. Pertanto, non possiamo assumerci alcuna responsabilit\u00e0 per questi contenuti esterni. Il rispettivo fornitore o gestore delle pagine \u00e8 sempre responsabile dei contenuti delle pagine collegate. Le pagine collegate sono state controllate per verificare l\u2019assenza di possibili infrazioni legali al momento del collegamento. I contenuti illegali non erano riconoscibili al momento del collegamento. Tuttavia, un controllo permanente dei contenuti delle pagine collegate non \u00e8 ragionevole senza prove concrete di una violazione della legge. Noi rimuoveremo tali link immediatamente dopo essere venuti a conoscenza di eventuali violazioni della legge.<\/p>\t\t\t\t\t\t\t\t<\/div>\n\t\t\t\t<\/div>\n\t\t\t\t\t<\/div>\n\t\t<\/div>\n\t\t\t\t\t<\/div>\n\t\t<\/section>\n\t\t\t\t<section class=\"elementor-section elementor-top-section elementor-element elementor-element-4ca86263 elementor-section-boxed elementor-section-height-default elementor-section-height-default\" data-id=\"4ca86263\" data-element_type=\"section\" data-e-type=\"section\">\n\t\t\t\t\t\t<div class=\"elementor-container elementor-column-gap-default\">\n\t\t\t\t\t<div class=\"elementor-column elementor-col-100 elementor-top-column elementor-element elementor-element-2b0438d3\" data-id=\"2b0438d3\" data-element_type=\"column\" data-e-type=\"column\">\n\t\t\t<div class=\"elementor-widget-wrap elementor-element-populated\">\n\t\t\t\t\t\t<div class=\"elementor-element elementor-element-7b376560 elementor-widget elementor-widget-heading\" data-id=\"7b376560\" data-element_type=\"widget\" data-e-type=\"widget\" data-settings=\"{&quot;ekit_we_effect_on&quot;:&quot;none&quot;}\" data-widget_type=\"heading.default\">\n\t\t\t\t<div class=\"elementor-widget-container\">\n\t\t\t\t\t<h2 class=\"elementor-heading-title elementor-size-default\">Copyright<\/h2>\t\t\t\t<\/div>\n\t\t\t\t<\/div>\n\t\t\t\t<div class=\"elementor-element elementor-element-5cccc63b elementor-widget elementor-widget-text-editor\" data-id=\"5cccc63b\" data-element_type=\"widget\" data-e-type=\"widget\" data-settings=\"{&quot;ekit_we_effect_on&quot;:&quot;none&quot;}\" data-widget_type=\"text-editor.default\">\n\t\t\t\t<div class=\"elementor-widget-container\">\n\t\t\t\t\t\t\t\t\t<p>I contenuti e le opere presenti su queste pagine create dal proprietario del sito web e da terzi con accesso amministratore sono soggetti a copyright. La duplicazione, l\u2019elaborazione, la distribuzione e qualsiasi forma di commercializzazione di tale materiale al di fuori dell\u2019ambito della legge sul diritto d\u2019autore richiede il previo consenso scritto del rispettivo autore o creatore. Il download e le copie di queste pagine sono consentiti solo per uso privato e non commerciale. Nella misura in cui il contenuto di questo sito non \u00e8 stato creato dal gestore, i diritti d\u2019autore di terzi sono rispettati. In particolare, i contenuti di terzi sono contrassegnati come tali. Qualora venisse comunque a conoscenza di una violazione del diritto d\u2019autore, la preghiamo di informarci di conseguenza. Non appena ci rendiamo conto di eventuali violazioni della legge, elimineremo immediatamente tali contenuti.<\/p>\t\t\t\t\t\t\t\t<\/div>\n\t\t\t\t<\/div>\n\t\t\t\t\t<\/div>\n\t\t<\/div>\n\t\t\t\t\t<\/div>\n\t\t<\/section>\n\t\t\t\t<\/div>\n\t\t","protected":false},"excerpt":{"rendered":"<p>RESPONSABILE Matrial SrlVia Rienz 2\/A39037 RodengoTel.: +39 0472 849 714info@matrial.itCodice fiscale, Part. IVA e numero di iscrizione Camera di Commercio di Bolzano: IT02432980213Codice SDI: T04ZHR3PEC: matrial@legalmail.itSoc. Capitale sociale interamente versato: \u20ac 2.900.000 DESIGN E REALIZZAZIONE Kreativagentur Minedesign SNCdi Daniel Olivieri e Matthias MurVia Fraghes 6, 39043 ChiusaT. 0472 847 216info@minedesign.itminedesign.itPart.IVA: IT02961340219 RIFERIMENTO Immagini, foto e\u00a0 [&hellip;]<\/p>\n","protected":false},"author":1,"featured_media":0,"parent":0,"menu_order":0,"comment_status":"closed","ping_status":"closed","template":"","meta":{"footnotes":""},"class_list":["post-6649","page","type-page","status-publish","hentry"],"yoast_head":"<!-- This site is optimized with the Yoast SEO plugin v27.3 - https:\/\/yoast.com\/product\/yoast-seo-wordpress\/ -->\n<title>NOTE LEGALI | Matrial<\/title>\n<meta name=\"description\" content=\"Impressum Matrial Baustoffe\" \/>\n<meta name=\"robots\" content=\"noindex, nofollow\" \/>\n<meta property=\"og:locale\" content=\"it_IT\" \/>\n<meta property=\"og:type\" content=\"article\" \/>\n<meta property=\"og:title\" content=\"NOTE LEGALI | Matrial\" \/>\n<meta property=\"og:description\" content=\"Impressum Matrial Baustoffe\" \/>\n<meta property=\"og:url\" content=\"https:\/\/www.matrial.it\/it\/note-legali\/\" \/>\n<meta property=\"og:site_name\" content=\"Matrial\" \/>\n<meta property=\"article:modified_time\" content=\"2025-12-03T15:16:57+00:00\" \/>\n<meta property=\"og:image\" content=\"https:\/\/www.matrial.it\/wp-content\/uploads\/2022\/12\/stahlmatten-bau-suedtirol.jpg\" \/>\n\t<meta property=\"og:image:width\" content=\"2500\" \/>\n\t<meta property=\"og:image:height\" content=\"1250\" \/>\n\t<meta property=\"og:image:type\" content=\"image\/jpeg\" \/>\n<script type=\"application\/ld+json\" class=\"yoast-schema-graph\">{\"@context\":\"https:\\\/\\\/schema.org\",\"@graph\":[{\"@type\":\"WebPage\",\"@id\":\"https:\\\/\\\/www.matrial.it\\\/it\\\/note-legali\\\/\",\"url\":\"https:\\\/\\\/www.matrial.it\\\/it\\\/note-legali\\\/\",\"name\":\"NOTE LEGALI | Matrial\",\"isPartOf\":{\"@id\":\"https:\\\/\\\/www.matrial.it\\\/it\\\/#website\"},\"datePublished\":\"2022-11-10T12:45:49+00:00\",\"dateModified\":\"2025-12-03T15:16:57+00:00\",\"description\":\"Impressum Matrial Baustoffe\",\"breadcrumb\":{\"@id\":\"https:\\\/\\\/www.matrial.it\\\/it\\\/note-legali\\\/#breadcrumb\"},\"inLanguage\":\"it-IT\",\"potentialAction\":[{\"@type\":\"ReadAction\",\"target\":[\"https:\\\/\\\/www.matrial.it\\\/it\\\/note-legali\\\/\"]}]},{\"@type\":\"BreadcrumbList\",\"@id\":\"https:\\\/\\\/www.matrial.it\\\/it\\\/note-legali\\\/#breadcrumb\",\"itemListElement\":[{\"@type\":\"ListItem\",\"position\":1,\"name\":\"Startseite\",\"item\":\"https:\\\/\\\/www.matrial.it\\\/it\\\/\"},{\"@type\":\"ListItem\",\"position\":2,\"name\":\"NOTE LEGALI\"}]},{\"@type\":\"WebSite\",\"@id\":\"https:\\\/\\\/www.matrial.it\\\/it\\\/#website\",\"url\":\"https:\\\/\\\/www.matrial.it\\\/it\\\/\",\"name\":\"Matrial Baustoffe\",\"description\":\"Baustoffe S\u00fcdtirol | Materiali edili Alto Adige\",\"publisher\":{\"@id\":\"https:\\\/\\\/www.matrial.it\\\/it\\\/#organization\"},\"potentialAction\":[{\"@type\":\"SearchAction\",\"target\":{\"@type\":\"EntryPoint\",\"urlTemplate\":\"https:\\\/\\\/www.matrial.it\\\/it\\\/?s={search_term_string}\"},\"query-input\":{\"@type\":\"PropertyValueSpecification\",\"valueRequired\":true,\"valueName\":\"search_term_string\"}}],\"inLanguage\":\"it-IT\"},{\"@type\":\"Organization\",\"@id\":\"https:\\\/\\\/www.matrial.it\\\/it\\\/#organization\",\"name\":\"Matrial Baustoffe\",\"url\":\"https:\\\/\\\/www.matrial.it\\\/it\\\/\",\"logo\":{\"@type\":\"ImageObject\",\"inLanguage\":\"it-IT\",\"@id\":\"https:\\\/\\\/www.matrial.it\\\/it\\\/#\\\/schema\\\/logo\\\/image\\\/\",\"url\":\"https:\\\/\\\/www.matrial.it\\\/wp-content\\\/uploads\\\/2023\\\/01\\\/Matrial-Logo-Signatur.jpg\",\"contentUrl\":\"https:\\\/\\\/www.matrial.it\\\/wp-content\\\/uploads\\\/2023\\\/01\\\/Matrial-Logo-Signatur.jpg\",\"width\":700,\"height\":99,\"caption\":\"Matrial Baustoffe\"},\"image\":{\"@id\":\"https:\\\/\\\/www.matrial.it\\\/it\\\/#\\\/schema\\\/logo\\\/image\\\/\"}}]}<\/script>\n<!-- \/ Yoast SEO plugin. -->","yoast_head_json":{"title":"NOTE LEGALI | Matrial","description":"Impressum Matrial Baustoffe","robots":{"index":"noindex","follow":"nofollow"},"og_locale":"it_IT","og_type":"article","og_title":"NOTE LEGALI | Matrial","og_description":"Impressum Matrial Baustoffe","og_url":"https:\/\/www.matrial.it\/it\/note-legali\/","og_site_name":"Matrial","article_modified_time":"2025-12-03T15:16:57+00:00","og_image":[{"width":2500,"height":1250,"url":"https:\/\/www.matrial.it\/wp-content\/uploads\/2022\/12\/stahlmatten-bau-suedtirol.jpg","type":"image\/jpeg"}],"schema":{"@context":"https:\/\/schema.org","@graph":[{"@type":"WebPage","@id":"https:\/\/www.matrial.it\/it\/note-legali\/","url":"https:\/\/www.matrial.it\/it\/note-legali\/","name":"NOTE LEGALI | Matrial","isPartOf":{"@id":"https:\/\/www.matrial.it\/it\/#website"},"datePublished":"2022-11-10T12:45:49+00:00","dateModified":"2025-12-03T15:16:57+00:00","description":"Impressum Matrial Baustoffe","breadcrumb":{"@id":"https:\/\/www.matrial.it\/it\/note-legali\/#breadcrumb"},"inLanguage":"it-IT","potentialAction":[{"@type":"ReadAction","target":["https:\/\/www.matrial.it\/it\/note-legali\/"]}]},{"@type":"BreadcrumbList","@id":"https:\/\/www.matrial.it\/it\/note-legali\/#breadcrumb","itemListElement":[{"@type":"ListItem","position":1,"name":"Startseite","item":"https:\/\/www.matrial.it\/it\/"},{"@type":"ListItem","position":2,"name":"NOTE LEGALI"}]},{"@type":"WebSite","@id":"https:\/\/www.matrial.it\/it\/#website","url":"https:\/\/www.matrial.it\/it\/","name":"Matrial Baustoffe","description":"Baustoffe S\u00fcdtirol | Materiali edili Alto Adige","publisher":{"@id":"https:\/\/www.matrial.it\/it\/#organization"},"potentialAction":[{"@type":"SearchAction","target":{"@type":"EntryPoint","urlTemplate":"https:\/\/www.matrial.it\/it\/?s={search_term_string}"},"query-input":{"@type":"PropertyValueSpecification","valueRequired":true,"valueName":"search_term_string"}}],"inLanguage":"it-IT"},{"@type":"Organization","@id":"https:\/\/www.matrial.it\/it\/#organization","name":"Matrial Baustoffe","url":"https:\/\/www.matrial.it\/it\/","logo":{"@type":"ImageObject","inLanguage":"it-IT","@id":"https:\/\/www.matrial.it\/it\/#\/schema\/logo\/image\/","url":"https:\/\/www.matrial.it\/wp-content\/uploads\/2023\/01\/Matrial-Logo-Signatur.jpg","contentUrl":"https:\/\/www.matrial.it\/wp-content\/uploads\/2023\/01\/Matrial-Logo-Signatur.jpg","width":700,"height":99,"caption":"Matrial Baustoffe"},"image":{"@id":"https:\/\/www.matrial.it\/it\/#\/schema\/logo\/image\/"}}]}},"_links":{"self":[{"href":"https:\/\/www.matrial.it\/it\/wp-json\/wp\/v2\/pages\/6649","targetHints":{"allow":["GET"]}}],"collection":[{"href":"https:\/\/www.matrial.it\/it\/wp-json\/wp\/v2\/pages"}],"about":[{"href":"https:\/\/www.matrial.it\/it\/wp-json\/wp\/v2\/types\/page"}],"author":[{"embeddable":true,"href":"https:\/\/www.matrial.it\/it\/wp-json\/wp\/v2\/users\/1"}],"replies":[{"embeddable":true,"href":"https:\/\/www.matrial.it\/it\/wp-json\/wp\/v2\/comments?post=6649"}],"version-history":[{"count":0,"href":"https:\/\/www.matrial.it\/it\/wp-json\/wp\/v2\/pages\/6649\/revisions"}],"wp:attachment":[{"href":"https:\/\/www.matrial.it\/it\/wp-json\/wp\/v2\/media?parent=6649"}],"curies":[{"name":"wp","href":"https:\/\/api.w.org\/{rel}","templated":true}]}}